{"id":855,"date":"2020-01-30T13:41:27","date_gmt":"2020-01-30T18:41:27","guid":{"rendered":"https:\/\/constructionschapman.flywheelsites.com\/our-services\/"},"modified":"2020-02-04T16:42:20","modified_gmt":"2020-02-04T21:42:20","slug":"our-services","status":"publish","type":"page","link":"https:\/\/lesconstructionschapman.ca\/en\/our-services\/","title":{"rendered":"Our Services"},"content":{"rendered":"\t\t<div data-elementor-type=\"wp-page\" data-elementor-id=\"855\" class=\"elementor elementor-855 elementor-359\" data-elementor-post-type=\"page\">\n\t\t\t\t\t\t<section class=\"elementor-section elementor-top-section elementor-element elementor-element-a58e5d6 elementor-section-stretched elementor-section-height-min-height elementor-section-boxed elementor-section-height-default elementor-section-items-middle\" data-id=\"a58e5d6\" data-element_type=\"section\" data-e-type=\"section\" data-settings=\"{&quot;stretch_section&quot;:&quot;section-stretched&quot;,&quot;background_background&quot;:&quot;classic&quot;}\">\n\t\t\t\t\t\t<div class=\"elementor-container elementor-column-gap-default\">\n\t\t\t\t\t<div class=\"elementor-column elementor-col-100 elementor-top-column elementor-element elementor-element-699cfff0\" data-id=\"699cfff0\" data-element_type=\"column\" data-e-type=\"column\">\n\t\t\t<div class=\"elementor-widget-wrap elementor-element-populated\">\n\t\t\t\t\t\t<div class=\"elementor-element elementor-element-1c4ba606 font-alata elementor-widget elementor-widget-heading\" data-id=\"1c4ba606\" data-element_type=\"widget\" data-e-type=\"widget\" data-widget_type=\"heading.default\">\n\t\t\t\t<div class=\"elementor-widget-container\">\n\t\t\t\t\t<h1 class=\"elementor-heading-title elementor-size-default\">Our Services<\/h1>\t\t\t\t<\/div>\n\t\t\t\t<\/div>\n\t\t\t\t\t<\/div>\n\t\t<\/div>\n\t\t\t\t\t<\/div>\n\t\t<\/section>\n\t\t\t\t<section class=\"elementor-section elementor-top-section elementor-element elementor-element-72105ecb elementor-section-stretched elementor-section-boxed elementor-section-height-default elementor-section-height-default\" data-id=\"72105ecb\" data-element_type=\"section\" data-e-type=\"section\" id=\"maison-personnalisee\" data-settings=\"{&quot;stretch_section&quot;:&quot;section-stretched&quot;}\">\n\t\t\t\t\t\t<div class=\"elementor-container elementor-column-gap-default\">\n\t\t\t\t\t<div class=\"elementor-column elementor-col-100 elementor-top-column elementor-element elementor-element-4453a98b\" data-id=\"4453a98b\" data-element_type=\"column\" data-e-type=\"column\">\n\t\t\t<div class=\"elementor-widget-wrap elementor-element-populated\">\n\t\t\t\t\t\t<section class=\"elementor-section elementor-inner-section elementor-element elementor-element-1b6063ff elementor-section-boxed elementor-section-height-default elementor-section-height-default\" data-id=\"1b6063ff\" data-element_type=\"section\" data-e-type=\"section\">\n\t\t\t\t\t\t<div class=\"elementor-container elementor-column-gap-default\">\n\t\t\t\t\t<div class=\"elementor-column elementor-col-50 elementor-inner-column elementor-element elementor-element-4a55d4ce\" data-id=\"4a55d4ce\" data-element_type=\"column\" data-e-type=\"column\">\n\t\t\t<div class=\"elementor-widget-wrap elementor-element-populated\">\n\t\t\t\t\t\t<div class=\"elementor-element elementor-element-47242bd0 font-alata elementor-widget elementor-widget-heading\" data-id=\"47242bd0\" data-element_type=\"widget\" data-e-type=\"widget\" data-widget_type=\"heading.default\">\n\t\t\t\t<div class=\"elementor-widget-container\">\n\t\t\t\t\t<h3 class=\"elementor-heading-title elementor-size-default\">Custom House <\/h3>\t\t\t\t<\/div>\n\t\t\t\t<\/div>\n\t\t\t\t<div class=\"elementor-element elementor-element-36251926 elementor-widget elementor-widget-text-editor\" data-id=\"36251926\" data-element_type=\"widget\" data-e-type=\"widget\" data-widget_type=\"text-editor.default\">\n\t\t\t\t<div class=\"elementor-widget-container\">\n\t\t\t\t\t\t\t\t\t<p>Les Constructions Chapman offers a personalized service where quality takes priority over quantity. While more and more builders in the region are abandoning custom homes in favor of series developments, Les Constructions Chapman specializes in custom and turnkey house. With building rules and bank financing becoming increasingly difficult for self-builders, Chapman Constructions are an alternative that allows you to achieve your dream! Once we have clearly identified your needs and expectations at a meeting with the owners themselves, we conduct a meticulous assessment of your project to define the details, costs, and completion date. No unpleasant surprises or hidden extra charges: everything is well explained and detailed. You will know what is and what is not included, and the company promises you an exceptional approach and customer service Michel Bond&#8217;s wife, M\u00e9lanie Vidal, brings her expertise in interior and exterior design. She will guide the buyer in the choice of materials, colors, and layouts according to current trends.<\/p>\n\t\t\t\t\t\t\t\t<\/div>\n\t\t\t\t<\/div>\n\t\t\t\t<div class=\"elementor-element elementor-element-7c9c1c0 color-link elementor-widget elementor-widget-text-editor\" data-id=\"7c9c1c0\" data-element_type=\"widget\" data-e-type=\"widget\" data-widget_type=\"text-editor.default\">\n\t\t\t\t<div class=\"elementor-widget-container\">\n\t\t\t\t\t\t\t\t\t<p><a href=\"tel:8197751789\">819-775-1789<\/a> + <a href=\"mailto:info@lesconstructionschapman.ca\">info@lesconstructionschapman.ca<\/a><\/p>\n\t\t\t\t\t\t\t\t<\/div>\n\t\t\t\t<\/div>\n\t\t\t\t\t<\/div>\n\t\t<\/div>\n\t\t\t\t<div class=\"elementor-column elementor-col-50 elementor-inner-column elementor-element elementor-element-1cfaab6e\" data-id=\"1cfaab6e\" data-element_type=\"column\" data-e-type=\"column\">\n\t\t\t<div class=\"elementor-widget-wrap elementor-element-populated\">\n\t\t\t\t\t\t<div class=\"elementor-element elementor-element-70052049 elementor-widget elementor-widget-image\" data-id=\"70052049\" data-element_type=\"widget\" data-e-type=\"widget\" data-widget_type=\"image.default\">\n\t\t\t\t<div class=\"elementor-widget-container\">\n\t\t\t\t\t\t\t\t\t\t\t\t\t\t\t<img fetchpriority=\"high\" decoding=\"async\" width=\"750\" height=\"500\" src=\"https:\/\/lesconstructionschapman.ca\/wp-content\/uploads\/2020\/01\/chapman-maison-personnalise\u0301e-11.jpg\" class=\"attachment-full size-full wp-image-838\" alt=\"\" srcset=\"https:\/\/lesconstructionschapman.ca\/wp-content\/uploads\/2020\/01\/chapman-maison-personnalise\u0301e-11.jpg 750w, https:\/\/lesconstructionschapman.ca\/wp-content\/uploads\/2020\/01\/chapman-maison-personnalise\u0301e-11-300x200.jpg 300w\" sizes=\"(max-width: 750px) 100vw, 750px\" \/>\t\t\t\t\t\t\t\t\t\t\t\t\t\t\t<\/div>\n\t\t\t\t<\/div>\n\t\t\t\t\t<\/div>\n\t\t<\/div>\n\t\t\t\t\t<\/div>\n\t\t<\/section>\n\t\t\t\t\t<\/div>\n\t\t<\/div>\n\t\t\t\t\t<\/div>\n\t\t<\/section>\n\t\t\t\t<section class=\"elementor-section elementor-top-section elementor-element elementor-element-54422c9f elementor-section-stretched elementor-section-boxed elementor-section-height-default elementor-section-height-default\" data-id=\"54422c9f\" data-element_type=\"section\" data-e-type=\"section\" id=\"maison-modele\" data-settings=\"{&quot;stretch_section&quot;:&quot;section-stretched&quot;}\">\n\t\t\t\t\t\t<div class=\"elementor-container elementor-column-gap-default\">\n\t\t\t\t\t<div class=\"elementor-column elementor-col-100 elementor-top-column elementor-element elementor-element-405e0049\" data-id=\"405e0049\" data-element_type=\"column\" data-e-type=\"column\">\n\t\t\t<div class=\"elementor-widget-wrap elementor-element-populated\">\n\t\t\t\t\t\t<section class=\"elementor-section elementor-inner-section elementor-element elementor-element-1ba52233 elementor-section-boxed elementor-section-height-default elementor-section-height-default\" data-id=\"1ba52233\" data-element_type=\"section\" data-e-type=\"section\">\n\t\t\t\t\t\t<div class=\"elementor-container elementor-column-gap-default\">\n\t\t\t\t\t<div class=\"elementor-column elementor-col-50 elementor-inner-column elementor-element elementor-element-6351dabe\" data-id=\"6351dabe\" data-element_type=\"column\" data-e-type=\"column\">\n\t\t\t<div class=\"elementor-widget-wrap elementor-element-populated\">\n\t\t\t\t\t\t<div class=\"elementor-element elementor-element-50cee101 elementor-widget elementor-widget-image\" data-id=\"50cee101\" data-element_type=\"widget\" data-e-type=\"widget\" data-widget_type=\"image.default\">\n\t\t\t\t<div class=\"elementor-widget-container\">\n\t\t\t\t\t\t\t\t\t\t\t\t\t\t\t<img decoding=\"async\" width=\"750\" height=\"500\" src=\"https:\/\/lesconstructionschapman.ca\/wp-content\/uploads\/2020\/01\/chapman-maison-mode\u0300le-02.jpg\" class=\"attachment-full size-full wp-image-819\" alt=\"\" srcset=\"https:\/\/lesconstructionschapman.ca\/wp-content\/uploads\/2020\/01\/chapman-maison-mode\u0300le-02.jpg 750w, https:\/\/lesconstructionschapman.ca\/wp-content\/uploads\/2020\/01\/chapman-maison-mode\u0300le-02-300x200.jpg 300w\" sizes=\"(max-width: 750px) 100vw, 750px\" \/>\t\t\t\t\t\t\t\t\t\t\t\t\t\t\t<\/div>\n\t\t\t\t<\/div>\n\t\t\t\t\t<\/div>\n\t\t<\/div>\n\t\t\t\t<div class=\"elementor-column elementor-col-50 elementor-inner-column elementor-element elementor-element-10b18c2\" data-id=\"10b18c2\" data-element_type=\"column\" data-e-type=\"column\">\n\t\t\t<div class=\"elementor-widget-wrap elementor-element-populated\">\n\t\t\t\t\t\t<div class=\"elementor-element elementor-element-35280b79 font-alata elementor-widget elementor-widget-heading\" data-id=\"35280b79\" data-element_type=\"widget\" data-e-type=\"widget\" data-widget_type=\"heading.default\">\n\t\t\t\t<div class=\"elementor-widget-container\">\n\t\t\t\t\t<h3 class=\"elementor-heading-title elementor-size-default\">Model Home<\/h3>\t\t\t\t<\/div>\n\t\t\t\t<\/div>\n\t\t\t\t<div class=\"elementor-element elementor-element-6d3bb4cb elementor-widget elementor-widget-text-editor\" data-id=\"6d3bb4cb\" data-element_type=\"widget\" data-e-type=\"widget\" data-widget_type=\"text-editor.default\">\n\t\t\t\t<div class=\"elementor-widget-container\">\n\t\t\t\t\t\t\t\t\t<p>Les Constructions Chapman also has a few houses in inventory and\/or under construction, which are ready to be delivered more quickly in the municipalities of Chelsea and La P\u00eache. We always build our model homes with the same rigor and superior quality as our turnkey homes. Contact us for more details on our inventory of available homes.<\/p>\n\t\t\t\t\t\t\t\t<\/div>\n\t\t\t\t<\/div>\n\t\t\t\t<div class=\"elementor-element elementor-element-51f8f42 color-link elementor-widget elementor-widget-text-editor\" data-id=\"51f8f42\" data-element_type=\"widget\" data-e-type=\"widget\" data-widget_type=\"text-editor.default\">\n\t\t\t\t<div class=\"elementor-widget-container\">\n\t\t\t\t\t\t\t\t\t<p><a href=\"tel:8197751789\">819-775-1789<\/a> + <a href=\"mailto:info@lesconstructionschapman.ca\">info@lesconstructionschapman.ca<\/a><\/p>\n\t\t\t\t\t\t\t\t<\/div>\n\t\t\t\t<\/div>\n\t\t\t\t\t<\/div>\n\t\t<\/div>\n\t\t\t\t\t<\/div>\n\t\t<\/section>\n\t\t\t\t\t<\/div>\n\t\t<\/div>\n\t\t\t\t\t<\/div>\n\t\t<\/section>\n\t\t\t\t<section class=\"elementor-section elementor-top-section elementor-element elementor-element-2ffe1004 elementor-section-stretched elementor-section-boxed elementor-section-height-default elementor-section-height-default\" data-id=\"2ffe1004\" data-element_type=\"section\" data-e-type=\"section\" id=\"terrain-a-vendre\" data-settings=\"{&quot;stretch_section&quot;:&quot;section-stretched&quot;}\">\n\t\t\t\t\t\t<div class=\"elementor-container elementor-column-gap-default\">\n\t\t\t\t\t<div class=\"elementor-column elementor-col-100 elementor-top-column elementor-element elementor-element-3e675b6a\" data-id=\"3e675b6a\" data-element_type=\"column\" data-e-type=\"column\">\n\t\t\t<div class=\"elementor-widget-wrap elementor-element-populated\">\n\t\t\t\t\t\t<section class=\"elementor-section elementor-inner-section elementor-element elementor-element-756b2785 elementor-section-boxed elementor-section-height-default elementor-section-height-default\" data-id=\"756b2785\" data-element_type=\"section\" data-e-type=\"section\">\n\t\t\t\t\t\t<div class=\"elementor-container elementor-column-gap-default\">\n\t\t\t\t\t<div class=\"elementor-column elementor-col-50 elementor-inner-column elementor-element elementor-element-35033b6a\" data-id=\"35033b6a\" data-element_type=\"column\" data-e-type=\"column\">\n\t\t\t<div class=\"elementor-widget-wrap elementor-element-populated\">\n\t\t\t\t\t\t<div class=\"elementor-element elementor-element-1e95ab51 font-alata elementor-widget elementor-widget-heading\" data-id=\"1e95ab51\" data-element_type=\"widget\" data-e-type=\"widget\" data-widget_type=\"heading.default\">\n\t\t\t\t<div class=\"elementor-widget-container\">\n\t\t\t\t\t<h3 class=\"elementor-heading-title elementor-size-default\">Land for Sale<\/h3>\t\t\t\t<\/div>\n\t\t\t\t<\/div>\n\t\t\t\t<div class=\"elementor-element elementor-element-38234688 elementor-widget elementor-widget-text-editor\" data-id=\"38234688\" data-element_type=\"widget\" data-e-type=\"widget\" data-widget_type=\"text-editor.default\">\n\t\t\t\t<div class=\"elementor-widget-container\">\n\t\t\t\t\t\t\t\t\t<p>Les Constructions Chapman own lands in the municipalities of Chelsea and La P\u00eache which are ready to welcome your personalized plans or our plans for model homes. Contact us for more details on our inventory of available homes.<\/p>\n\t\t\t\t\t\t\t\t<\/div>\n\t\t\t\t<\/div>\n\t\t\t\t<div class=\"elementor-element elementor-element-9222ece color-link elementor-widget elementor-widget-text-editor\" data-id=\"9222ece\" data-element_type=\"widget\" data-e-type=\"widget\" data-widget_type=\"text-editor.default\">\n\t\t\t\t<div class=\"elementor-widget-container\">\n\t\t\t\t\t\t\t\t\t<p><a href=\"tel:8197751789\">819-775-1789<\/a> + <a href=\"mailto:info@lesconstructionschapman.ca\">info@lesconstructionschapman.ca<\/a><\/p>\n\t\t\t\t\t\t\t\t<\/div>\n\t\t\t\t<\/div>\n\t\t\t\t\t<\/div>\n\t\t<\/div>\n\t\t\t\t<div class=\"elementor-column elementor-col-50 elementor-inner-column elementor-element elementor-element-26c9603e\" data-id=\"26c9603e\" data-element_type=\"column\" data-e-type=\"column\">\n\t\t\t<div class=\"elementor-widget-wrap elementor-element-populated\">\n\t\t\t\t\t\t<div class=\"elementor-element elementor-element-465d9944 elementor-widget elementor-widget-image\" data-id=\"465d9944\" data-element_type=\"widget\" data-e-type=\"widget\" data-widget_type=\"image.default\">\n\t\t\t\t<div class=\"elementor-widget-container\">\n\t\t\t\t\t\t\t\t\t\t\t\t\t\t\t<img decoding=\"async\" width=\"480\" height=\"360\" src=\"https:\/\/lesconstructionschapman.ca\/wp-content\/uploads\/2020\/01\/chapman-terrain-a\u0300-vendre-1.jpg\" class=\"attachment-full size-full wp-image-849\" alt=\"\" srcset=\"https:\/\/lesconstructionschapman.ca\/wp-content\/uploads\/2020\/01\/chapman-terrain-a\u0300-vendre-1.jpg 480w, https:\/\/lesconstructionschapman.ca\/wp-content\/uploads\/2020\/01\/chapman-terrain-a\u0300-vendre-1-300x225.jpg 300w\" sizes=\"(max-width: 480px) 100vw, 480px\" \/>\t\t\t\t\t\t\t\t\t\t\t\t\t\t\t<\/div>\n\t\t\t\t<\/div>\n\t\t\t\t\t<\/div>\n\t\t<\/div>\n\t\t\t\t\t<\/div>\n\t\t<\/section>\n\t\t\t\t\t<\/div>\n\t\t<\/div>\n\t\t\t\t\t<\/div>\n\t\t<\/section>\n\t\t\t\t<section class=\"elementor-section elementor-top-section elementor-element elementor-element-eba6b7c elementor-section-stretched elementor-section-full_width no-pad commentaires-clients elementor-section-height-default elementor-section-height-default\" data-id=\"eba6b7c\" data-element_type=\"section\" data-e-type=\"section\" data-settings=\"{&quot;stretch_section&quot;:&quot;section-stretched&quot;}\">\n\t\t\t\t\t\t<div class=\"elementor-container elementor-column-gap-default\">\n\t\t\t\t\t<div class=\"elementor-column elementor-col-100 elementor-top-column elementor-element elementor-element-f7991b1\" data-id=\"f7991b1\" data-element_type=\"column\" data-e-type=\"column\">\n\t\t\t<div class=\"elementor-widget-wrap elementor-element-populated\">\n\t\t\t\t\t\t<div class=\"elementor-element elementor-element-9fc1c7f elementor--h-position-center elementor--v-position-middle elementor-arrows-position-inside elementor-widget elementor-widget-slides\" data-id=\"9fc1c7f\" data-element_type=\"widget\" data-e-type=\"widget\" data-settings=\"{&quot;navigation&quot;:&quot;arrows&quot;,&quot;autoplay&quot;:&quot;yes&quot;,&quot;pause_on_hover&quot;:&quot;yes&quot;,&quot;pause_on_interaction&quot;:&quot;yes&quot;,&quot;autoplay_speed&quot;:5000,&quot;infinite&quot;:&quot;yes&quot;,&quot;transition&quot;:&quot;slide&quot;,&quot;transition_speed&quot;:500}\" data-widget_type=\"slides.default\">\n\t\t\t\t<div class=\"elementor-widget-container\">\n\t\t\t\t\t\t\t\t\t<div class=\"elementor-swiper\">\n\t\t\t\t\t<div class=\"elementor-slides-wrapper elementor-main-swiper swiper\" role=\"region\" aria-roledescription=\"carousel\" aria-label=\"Slides\" dir=\"ltr\" data-animation=\"\">\n\t\t\t\t<div class=\"swiper-wrapper elementor-slides\">\n\t\t\t\t\t\t\t\t\t\t<div class=\"elementor-repeater-item-11cd16f swiper-slide\" role=\"group\" aria-roledescription=\"slide\"><div class=\"swiper-slide-bg\" role=\"img\" aria-label=\"bg-cta-orange\"><\/div><div class=\"swiper-slide-inner\" ><div class=\"swiper-slide-contents\"><div class=\"elementor-slide-description\"><p>\" Danick a \u00e9t\u00e9 un partenaire pr\u00e9cieux lors de toutes les \u00e9tapes du projet. Il est professionnel, courtois, [...] et il livre la marchandise. \"<\/p>\n<p><span class=\"nom-client\">- Nadia et Gilda, clients satisfaits<\/span><\/p>\n<\/div><\/div><\/div><\/div><div class=\"elementor-repeater-item-1b07c66 swiper-slide\" role=\"group\" aria-roledescription=\"slide\"><div class=\"swiper-slide-bg\" role=\"img\" aria-label=\"bg-cta-orange\"><\/div><div class=\"swiper-slide-inner\" ><div class=\"swiper-slide-contents\"><div class=\"elementor-slide-description\"><p>&lt;p&gt;\" D\u00e8s notre premi\u00e8re journ\u00e9e en tant que propri\u00e9taire, ils nous ont offert un service apr\u00e8s-vente exemplaire. \"&lt;\/p&gt;<br \/>\n&lt;span class=\"nom-client\"&gt;- Jo\u00eblle et Dorian, clients heureux&lt;\/span&gt;<\/p>\n<\/div><\/div><\/div><\/div>\t\t\t\t<\/div>\n\t\t\t\t\t\t\t\t\t\t\t\t\t\t\t<div class=\"elementor-swiper-button elementor-swiper-button-prev\" role=\"button\" tabindex=\"0\" aria-label=\"Previous slide\">\n\t\t\t\t\t\t\t<i aria-hidden=\"true\" class=\"eicon-chevron-left\"><\/i>\t\t\t\t\t\t<\/div>\n\t\t\t\t\t\t<div class=\"elementor-swiper-button elementor-swiper-button-next\" role=\"button\" tabindex=\"0\" aria-label=\"Next slide\">\n\t\t\t\t\t\t\t<i aria-hidden=\"true\" class=\"eicon-chevron-right\"><\/i>\t\t\t\t\t\t<\/div>\n\t\t\t\t\t\t\t\t\t\t\t\t\t\t\t\t\t<\/div>\n\t\t\t\t<\/div>\n\t\t\t\t\t\t\t\t<\/div>\n\t\t\t\t<\/div>\n\t\t\t\t\t<\/div>\n\t\t<\/div>\n\t\t\t\t\t<\/div>\n\t\t<\/section>\n\t\t\t\t<\/div>\n\t\t","protected":false},"excerpt":{"rendered":"<p>Our Services Custom House Les Constructions Chapman offers a personalized service where quality takes priority over quantity. While more and more builders in the region are abandoning custom homes in favor of series developments, Les Constructions Chapman specializes in custom and turnkey house. With building rules and bank financing becoming increasingly difficult for self-builders, Chapman [&hellip;]<\/p>\n","protected":false},"author":1,"featured_media":0,"parent":0,"menu_order":0,"comment_status":"closed","ping_status":"closed","template":"","meta":{"_acf_changed":false,"footnotes":""},"class_list":["post-855","page","type-page","status-publish","hentry"],"acf":[],"yoast_head":"<!-- This site is optimized with the Yoast SEO Premium plugin v27.2 (Yoast SEO v27.2) - https:\/\/yoast.com\/product\/yoast-seo-premium-wordpress\/ -->\n<title>Our Services | Les Constructions Chapman Inc.<\/title>\n<meta name=\"robots\" content=\"index, follow, max-snippet:-1, max-image-preview:large, max-video-preview:-1\" \/>\n<link rel=\"canonical\" href=\"https:\/\/lesconstructionschapman.ca\/en\/our-services\/\" \/>\n<meta property=\"og:locale\" content=\"en_US\" \/>\n<meta property=\"og:type\" content=\"article\" \/>\n<meta property=\"og:title\" content=\"Our Services\" \/>\n<meta property=\"og:description\" content=\"Our Services Custom House Les Constructions Chapman offers a personalized service where quality takes priority over quantity. While more and more builders in the region are abandoning custom homes in favor of series developments, Les Constructions Chapman specializes in custom and turnkey house. With building rules and bank financing becoming increasingly difficult for self-builders, Chapman [&hellip;]\" \/>\n<meta property=\"og:url\" content=\"https:\/\/lesconstructionschapman.ca\/en\/our-services\/\" \/>\n<meta property=\"og:site_name\" content=\"Les Constructions Chapman Inc.\" \/>\n<meta property=\"article:publisher\" content=\"https:\/\/www.facebook.com\/LesConstructionsChapman\/\" \/>\n<meta property=\"article:modified_time\" content=\"2020-02-04T21:42:20+00:00\" \/>\n<meta name=\"twitter:card\" content=\"summary_large_image\" \/>\n<meta name=\"twitter:label1\" content=\"Est. reading time\" \/>\n\t<meta name=\"twitter:data1\" content=\"2 minutes\" \/>\n<script type=\"application\/ld+json\" class=\"yoast-schema-graph\">{\"@context\":\"https:\/\/schema.org\",\"@graph\":[{\"@type\":\"WebPage\",\"@id\":\"https:\/\/lesconstructionschapman.ca\/en\/our-services\/\",\"url\":\"https:\/\/lesconstructionschapman.ca\/en\/our-services\/\",\"name\":\"Our Services | Les Constructions Chapman Inc.\",\"isPartOf\":{\"@id\":\"https:\/\/lesconstructionschapman.ca\/en\/#website\"},\"datePublished\":\"2020-01-30T18:41:27+00:00\",\"dateModified\":\"2020-02-04T21:42:20+00:00\",\"breadcrumb\":{\"@id\":\"https:\/\/lesconstructionschapman.ca\/en\/our-services\/#breadcrumb\"},\"inLanguage\":\"en-US\",\"potentialAction\":[{\"@type\":\"ReadAction\",\"target\":[\"https:\/\/lesconstructionschapman.ca\/en\/our-services\/\"]}]},{\"@type\":\"BreadcrumbList\",\"@id\":\"https:\/\/lesconstructionschapman.ca\/en\/our-services\/#breadcrumb\",\"itemListElement\":[{\"@type\":\"ListItem\",\"position\":1,\"name\":\"Home\",\"item\":\"https:\/\/lesconstructionschapman.ca\/en\/\"},{\"@type\":\"ListItem\",\"position\":2,\"name\":\"Our Services\"}]},{\"@type\":\"WebSite\",\"@id\":\"https:\/\/lesconstructionschapman.ca\/en\/#website\",\"url\":\"https:\/\/lesconstructionschapman.ca\/en\/\",\"name\":\"Les Constructions Chapman Inc.\",\"description\":\"Just another WordPress site\",\"potentialAction\":[{\"@type\":\"SearchAction\",\"target\":{\"@type\":\"EntryPoint\",\"urlTemplate\":\"https:\/\/lesconstructionschapman.ca\/en\/?s={search_term_string}\"},\"query-input\":{\"@type\":\"PropertyValueSpecification\",\"valueRequired\":true,\"valueName\":\"search_term_string\"}}],\"inLanguage\":\"en-US\"}]}<\/script>\n<!-- \/ Yoast SEO Premium plugin. -->","yoast_head_json":{"title":"Our Services | Les Constructions Chapman Inc.","robots":{"index":"index","follow":"follow","max-snippet":"max-snippet:-1","max-image-preview":"max-image-preview:large","max-video-preview":"max-video-preview:-1"},"canonical":"https:\/\/lesconstructionschapman.ca\/en\/our-services\/","og_locale":"en_US","og_type":"article","og_title":"Our Services","og_description":"Our Services Custom House Les Constructions Chapman offers a personalized service where quality takes priority over quantity. While more and more builders in the region are abandoning custom homes in favor of series developments, Les Constructions Chapman specializes in custom and turnkey house. With building rules and bank financing becoming increasingly difficult for self-builders, Chapman [&hellip;]","og_url":"https:\/\/lesconstructionschapman.ca\/en\/our-services\/","og_site_name":"Les Constructions Chapman Inc.","article_publisher":"https:\/\/www.facebook.com\/LesConstructionsChapman\/","article_modified_time":"2020-02-04T21:42:20+00:00","twitter_card":"summary_large_image","twitter_misc":{"Est. reading time":"2 minutes"},"schema":{"@context":"https:\/\/schema.org","@graph":[{"@type":"WebPage","@id":"https:\/\/lesconstructionschapman.ca\/en\/our-services\/","url":"https:\/\/lesconstructionschapman.ca\/en\/our-services\/","name":"Our Services | Les Constructions Chapman Inc.","isPartOf":{"@id":"https:\/\/lesconstructionschapman.ca\/en\/#website"},"datePublished":"2020-01-30T18:41:27+00:00","dateModified":"2020-02-04T21:42:20+00:00","breadcrumb":{"@id":"https:\/\/lesconstructionschapman.ca\/en\/our-services\/#breadcrumb"},"inLanguage":"en-US","potentialAction":[{"@type":"ReadAction","target":["https:\/\/lesconstructionschapman.ca\/en\/our-services\/"]}]},{"@type":"BreadcrumbList","@id":"https:\/\/lesconstructionschapman.ca\/en\/our-services\/#breadcrumb","itemListElement":[{"@type":"ListItem","position":1,"name":"Home","item":"https:\/\/lesconstructionschapman.ca\/en\/"},{"@type":"ListItem","position":2,"name":"Our Services"}]},{"@type":"WebSite","@id":"https:\/\/lesconstructionschapman.ca\/en\/#website","url":"https:\/\/lesconstructionschapman.ca\/en\/","name":"Les Constructions Chapman Inc.","description":"Just another WordPress site","potentialAction":[{"@type":"SearchAction","target":{"@type":"EntryPoint","urlTemplate":"https:\/\/lesconstructionschapman.ca\/en\/?s={search_term_string}"},"query-input":{"@type":"PropertyValueSpecification","valueRequired":true,"valueName":"search_term_string"}}],"inLanguage":"en-US"}]}},"_links":{"self":[{"href":"https:\/\/lesconstructionschapman.ca\/en\/wp-json\/wp\/v2\/pages\/855","targetHints":{"allow":["GET"]}}],"collection":[{"href":"https:\/\/lesconstructionschapman.ca\/en\/wp-json\/wp\/v2\/pages"}],"about":[{"href":"https:\/\/lesconstructionschapman.ca\/en\/wp-json\/wp\/v2\/types\/page"}],"author":[{"embeddable":true,"href":"https:\/\/lesconstructionschapman.ca\/en\/wp-json\/wp\/v2\/users\/1"}],"replies":[{"embeddable":true,"href":"https:\/\/lesconstructionschapman.ca\/en\/wp-json\/wp\/v2\/comments?post=855"}],"version-history":[{"count":4,"href":"https:\/\/lesconstructionschapman.ca\/en\/wp-json\/wp\/v2\/pages\/855\/revisions"}],"predecessor-version":[{"id":936,"href":"https:\/\/lesconstructionschapman.ca\/en\/wp-json\/wp\/v2\/pages\/855\/revisions\/936"}],"wp:attachment":[{"href":"https:\/\/lesconstructionschapman.ca\/en\/wp-json\/wp\/v2\/media?parent=855"}],"curies":[{"name":"wp","href":"https:\/\/api.w.org\/{rel}","templated":true}]}}